{"id":2083,"date":"2023-03-06T11:33:14","date_gmt":"2023-03-06T04:33:14","guid":{"rendered":"https:\/\/disperpusip.jatimprov.go.id\/khasjatim\/?post_type=product&#038;p=2083"},"modified":"2023-11-02T10:34:54","modified_gmt":"2023-11-02T03:34:54","slug":"al-quran-koleksi-pondok-pesantren-tebuireng","status":"publish","type":"product","link":"https:\/\/disperpusip.jatimprov.go.id\/khasjatim\/naskah\/al-quran-koleksi-pondok-pesantren-tebuireng\/","title":{"rendered":"Al quran koleksi Pondok Pesantren Tebuireng"},"content":{"rendered":"<p><strong>Abstrak \u00a0\u00a0\u00a0\u00a0\u00a0\u00a0\u00a0\u00a0\u00a0\u00a0\u00a0\u00a0\u00a0\u00a0\u00a0\u00a0\u00a0\u00a0 : <\/strong><\/p>\n<p>Kitab Al-Qur\u2019an ini tidak lengkap, lembar Surah Al-Fatihah masih ada kemudian melompat pada juz kedua yaitu Surah Al-Baqarah ayat 40 hingga berakhir pada Surah Al-Kahfi.<\/p>\n<p><strong>Awal teks\u00a0\u00a0\u00a0\u00a0\u00a0\u00a0\u00a0\u00a0\u00a0\u00a0\u00a0\u00a0\u00a0\u00a0\u00a0\u00a0 :\u00a0 <\/strong><\/p>\n<p><em>Bismill\u0101hirra<\/em><em>\u1e25<\/em><em>m\u0101nirra<\/em><em>\u1e25<\/em><em>\u012bm\/ Al<\/em><em>\u1e25<\/em><em>amdu lill\u0101hi rabbil\u2019\u0101lam\u012bn\/ Arra<\/em><em>\u1e25<\/em><em>m\u0101nirra<\/em><em>\u1e25<\/em><em>\u012bm\/ M\u0101liki yaumidd\u012bn\/ Iyy\u0101ka na\u2019budu wa iyy\u0101ka nasta\u2019\u012bn\/ Ihdina<\/em><em>\u1e63\u1e63<\/em><em>ir\u0101<\/em><em>\u1e6d<\/em><em>almustaq\u012bm\/<\/em><em>\u1e62<\/em><em>ir\u0101<\/em><em>\u1e6d<\/em><em>alla\u017c\u012bna an\u2019amta \u2018alaihim gairilmag<\/em><em>\u1e0d<\/em><em>\u016bbi \u2018alaihim wa la<\/em><em>\u1e0d\u1e0d<\/em><em>\u0101ll\u012bn\/&#8230;<\/em><\/p>\n<p><strong>Akhir teks\u00a0\u00a0\u00a0\u00a0\u00a0\u00a0\u00a0\u00a0\u00a0\u00a0\u00a0\u00a0\u00a0\u00a0\u00a0 : <\/strong><\/p>\n<p>..<em>.Al-<\/em><em>\u1e25<\/em><em>amdu lill\u0101hil-la\u017c\u012b anzala \u2018al\u0101 \u2018abdihil-kit\u0101ba wa lam yaj\u2018al lah\u016b \u2018iwaj\u0101\/ Qayyimal liyun\u017cira ba&#8217;san syad\u012bdam mil ladunhu wa yubasysyiral-mu&#8217;min\u012bnal-la\u017c\u012bna ya\u2018mal\u016bna<\/em><em>\u1e63<\/em><em>&#8211;<\/em><em>\u1e63<\/em><em>\u0101li<\/em><em>\u1e25<\/em><em>\u0101ti anna lahum ajran <\/em><em>\u1e25<\/em><em>asan\u0101\/ M\u0101ki<\/em><em>\u1e61<\/em><em>\u012bna f\u012bhi abad\u0101&#8230;(Naskah akhir terlepas dari jilidan)&#8230;\/\/<\/em><\/p>\n<p><strong>Catatan \u00a0\u00a0\u00a0\u00a0\u00a0\u00a0\u00a0\u00a0\u00a0\u00a0\u00a0\u00a0\u00a0\u00a0\u00a0\u00a0\u00a0\u00a0 :<\/strong><\/p>\n<p>Pada akhir naskah terdapat iluminasi tetapi tidak dapat dibuka karena kertas saling melekat. Tidak terdapat kolofon.<\/p>\n","protected":false},"excerpt":{"rendered":"<p>Abstrak \u00a0\u00a0\u00a0\u00a0\u00a0\u00a0\u00a0\u00a0\u00a0\u00a0\u00a0\u00a0\u00a0\u00a0\u00a0\u00a0\u00a0\u00a0 : Kitab Al-Qur\u2019an ini tidak lengkap, lembar Surah Al-Fatihah masih ada kemudian melompat pada juz kedua yaitu Surah Al-Baqarah ayat 40 hingga berakhir pada Surah Al-Kahfi. Awal teks\u00a0\u00a0\u00a0\u00a0\u00a0\u00a0\u00a0\u00a0\u00a0\u00a0\u00a0\u00a0\u00a0\u00a0\u00a0\u00a0 :\u00a0 Bismill\u0101hirra\u1e25m\u0101nirra\u1e25\u012bm\/ Al\u1e25amdu lill\u0101hi rabbil\u2019\u0101lam\u012bn\/ Arra\u1e25m\u0101nirra\u1e25\u012bm\/ M\u0101liki yaumidd\u012bn\/ Iyy\u0101ka na\u2019budu wa iyy\u0101ka nasta\u2019\u012bn\/ Ihdina\u1e63\u1e63ir\u0101\u1e6dalmustaq\u012bm\/\u1e62ir\u0101\u1e6dalla\u017c\u012bna an\u2019amta \u2018alaihim gairilmag\u1e0d\u016bbi \u2018alaihim wa la\u1e0d\u1e0d\u0101ll\u012bn\/&#8230; Akhir teks\u00a0\u00a0\u00a0\u00a0\u00a0\u00a0\u00a0\u00a0\u00a0\u00a0\u00a0\u00a0\u00a0\u00a0\u00a0 : &#8230;Al-\u1e25amdu lill\u0101hil-la\u017c\u012b &hellip;<\/p>\n<p class=\"read-more\"> <a class=\"\" href=\"https:\/\/disperpusip.jatimprov.go.id\/khasjatim\/naskah\/al-quran-koleksi-pondok-pesantren-tebuireng\/\"> <span class=\"screen-reader-text\">Al quran koleksi Pondok Pesantren Tebuireng<\/span> Selengkapnya &raquo;<\/a><\/p>\n","protected":false},"featured_media":2291,"comment_status":"open","ping_status":"closed","template":"","meta":{"_uag_custom_page_level_css":"","site-sidebar-layout":"default","site-content-layout":"default","ast-global-header-display":"","ast-main-header-display":"","ast-hfb-above-header-display":"","ast-hfb-below-header-display":"","ast-hfb-mobile-header-display":"","site-post-title":"","ast-breadcrumbs-content":"","ast-featured-img":"","footer-sml-layout":"","theme-transparent-header-meta":"default","adv-header-id-meta":"","stick-header-meta":"","header-above-stick-meta":"","header-main-stick-meta":"","header-below-stick-meta":""},"product_cat":[40],"product_tag":[],"class_list":["post-2083","product","type-product","status-publish","has-post-thumbnail","hentry","product_cat-masa-kerajaan-islam","desktop-align-left","tablet-align-left","mobile-align-left"],"acf":[],"uagb_featured_image_src":{"full":["https:\/\/i0.wp.com\/disperpusip.jatimprov.go.id\/khasjatim\/wp-content\/uploads\/2023\/11\/0010-0323000027-Al-Quran-Koleksi-Ponpes-Tebuireng-Jombang-COVER_Page_1.jpg?fit=1277%2C1737&ssl=1",1277,1737,false],"thumbnail":["https:\/\/i0.wp.com\/disperpusip.jatimprov.go.id\/khasjatim\/wp-content\/uploads\/2023\/11\/0010-0323000027-Al-Quran-Koleksi-Ponpes-Tebuireng-Jombang-COVER_Page_1.jpg?resize=150%2C150&ssl=1",150,150,true],"medium":["https:\/\/i0.wp.com\/disperpusip.jatimprov.go.id\/khasjatim\/wp-content\/uploads\/2023\/11\/0010-0323000027-Al-Quran-Koleksi-Ponpes-Tebuireng-Jombang-COVER_Page_1.jpg?fit=221%2C300&ssl=1",221,300,true],"medium_large":["https:\/\/i0.wp.com\/disperpusip.jatimprov.go.id\/khasjatim\/wp-content\/uploads\/2023\/11\/0010-0323000027-Al-Quran-Koleksi-Ponpes-Tebuireng-Jombang-COVER_Page_1.jpg?fit=768%2C1045&ssl=1",768,1045,true],"large":["https:\/\/i0.wp.com\/disperpusip.jatimprov.go.id\/khasjatim\/wp-content\/uploads\/2023\/11\/0010-0323000027-Al-Quran-Koleksi-Ponpes-Tebuireng-Jombang-COVER_Page_1.jpg?fit=753%2C1024&ssl=1",753,1024,true],"1536x1536":["https:\/\/i0.wp.com\/disperpusip.jatimprov.go.id\/khasjatim\/wp-content\/uploads\/2023\/11\/0010-0323000027-Al-Quran-Koleksi-Ponpes-Tebuireng-Jombang-COVER_Page_1.jpg?fit=1129%2C1536&ssl=1",1129,1536,true],"2048x2048":["https:\/\/i0.wp.com\/disperpusip.jatimprov.go.id\/khasjatim\/wp-content\/uploads\/2023\/11\/0010-0323000027-Al-Quran-Koleksi-Ponpes-Tebuireng-Jombang-COVER_Page_1.jpg?fit=1277%2C1737&ssl=1",1277,1737,true],"woocommerce_thumbnail":["https:\/\/i0.wp.com\/disperpusip.jatimprov.go.id\/khasjatim\/wp-content\/uploads\/2023\/11\/0010-0323000027-Al-Quran-Koleksi-Ponpes-Tebuireng-Jombang-COVER_Page_1.jpg?resize=300%2C300&ssl=1",300,300,true],"woocommerce_single":["https:\/\/i0.wp.com\/disperpusip.jatimprov.go.id\/khasjatim\/wp-content\/uploads\/2023\/11\/0010-0323000027-Al-Quran-Koleksi-Ponpes-Tebuireng-Jombang-COVER_Page_1.jpg?fit=500%2C680&ssl=1",500,680,true],"woocommerce_gallery_thumbnail":["https:\/\/i0.wp.com\/disperpusip.jatimprov.go.id\/khasjatim\/wp-content\/uploads\/2023\/11\/0010-0323000027-Al-Quran-Koleksi-Ponpes-Tebuireng-Jombang-COVER_Page_1.jpg?resize=100%2C100&ssl=1",100,100,true]},"uagb_author_info":{"display_name":"dapp dapp","author_link":"https:\/\/disperpusip.jatimprov.go.id\/khasjatim\/author\/"},"uagb_comment_info":0,"uagb_excerpt":"Abstrak \u00a0\u00a0\u00a0\u00a0\u00a0\u00a0\u00a0\u00a0\u00a0\u00a0\u00a0\u00a0\u00a0\u00a0\u00a0\u00a0\u00a0\u00a0 : Kitab Al-Qur\u2019an ini tidak lengkap, lembar Surah Al-Fatihah masih ada kemudian melompat pada juz kedua yaitu Surah Al-Baqarah ayat 40 hingga berakhir pada Surah Al-Kahfi. Awal teks\u00a0\u00a0\u00a0\u00a0\u00a0\u00a0\u00a0\u00a0\u00a0\u00a0\u00a0\u00a0\u00a0\u00a0\u00a0\u00a0 :\u00a0 Bismill\u0101hirra\u1e25m\u0101nirra\u1e25\u012bm\/ Al\u1e25amdu lill\u0101hi rabbil\u2019\u0101lam\u012bn\/ Arra\u1e25m\u0101nirra\u1e25\u012bm\/ M\u0101liki yaumidd\u012bn\/ Iyy\u0101ka na\u2019budu wa iyy\u0101ka nasta\u2019\u012bn\/ Ihdina\u1e63\u1e63ir\u0101\u1e6dalmustaq\u012bm\/\u1e62ir\u0101\u1e6dalla\u017c\u012bna an\u2019amta \u2018alaihim gairilmag\u1e0d\u016bbi \u2018alaihim wa la\u1e0d\u1e0d\u0101ll\u012bn\/&#8230; Akhir teks\u00a0\u00a0\u00a0\u00a0\u00a0\u00a0\u00a0\u00a0\u00a0\u00a0\u00a0\u00a0\u00a0\u00a0\u00a0 : ...Al-\u1e25amdu lill\u0101hil-la\u017c\u012b&hellip;","_links":{"self":[{"href":"https:\/\/disperpusip.jatimprov.go.id\/khasjatim\/wp-json\/wp\/v2\/product\/2083","targetHints":{"allow":["GET"]}}],"collection":[{"href":"https:\/\/disperpusip.jatimprov.go.id\/khasjatim\/wp-json\/wp\/v2\/product"}],"about":[{"href":"https:\/\/disperpusip.jatimprov.go.id\/khasjatim\/wp-json\/wp\/v2\/types\/product"}],"replies":[{"embeddable":true,"href":"https:\/\/disperpusip.jatimprov.go.id\/khasjatim\/wp-json\/wp\/v2\/comments?post=2083"}],"wp:featuredmedia":[{"embeddable":true,"href":"https:\/\/disperpusip.jatimprov.go.id\/khasjatim\/wp-json\/wp\/v2\/media\/2291"}],"wp:attachment":[{"href":"https:\/\/disperpusip.jatimprov.go.id\/khasjatim\/wp-json\/wp\/v2\/media?parent=2083"}],"wp:term":[{"taxonomy":"product_cat","embeddable":true,"href":"https:\/\/disperpusip.jatimprov.go.id\/khasjatim\/wp-json\/wp\/v2\/product_cat?post=2083"},{"taxonomy":"product_tag","embeddable":true,"href":"https:\/\/disperpusip.jatimprov.go.id\/khasjatim\/wp-json\/wp\/v2\/product_tag?post=2083"}],"curies":[{"name":"wp","href":"https:\/\/api.w.org\/{rel}","templated":true}]}}